{"id":9736,"date":"2023-12-18T21:17:43","date_gmt":"2023-12-18T21:17:43","guid":{"rendered":"https:\/\/ilovepm.com\/?page_id=9736"},"modified":"2024-01-03T19:18:40","modified_gmt":"2024-01-03T19:18:40","slug":"terminos-y-condiciones-generales","status":"publish","type":"page","link":"https:\/\/ilovepm.com\/en\/terminos-y-condiciones-generales\/","title":{"rendered":"T\u00e9rminos y Condiciones Generales"},"content":{"rendered":"<h1 class=\"wp-block-heading has-text-align-center\">T\u00e9rminos y Condiciones Generales<\/h1>\n\n\n\n<p>ILovePM es un sitio en internet operado por la empresa mexicana COMPA\u00d1\u00cdA PRODUCTORA DE ACCIONES, S.A. DE C.V con domicilio en calle Montes Urales MZA. 05 Lote 02 No. 278 Casa 03, Fraccionamiento Bosque Real, CP 77710. Playa del Carmen, Solidaridad, Quintana Roo, M\u00e9xico. Al utilizar los servicios de ILovePM y efectuar una reservaci\u00f3n o compra, implica que haz le\u00eddo y aceptado los t\u00e9rminos y condiciones aqu\u00ed descritas:<\/p>\n\n\n\n<h2 class=\"wp-block-heading\">1. Informaci\u00f3n General<\/h2>\n\n\n\n<p>ILovePM proporciona una plataforma de internet en donde prestadores de servicios tur\u00edsticos registrados informan sus tarifas y disponibilidad y para que as\u00ed los usuarios puedan realizar consultas de informaci\u00f3n, escoger seg\u00fan sea su preferencia y realizar reservaciones. Con este acto se establece una relaci\u00f3n contractual entre el usuario y el prestador de servicios tur\u00edsticos seleccionado. Queda en entendido que ILovePM act\u00faa \u00fanicamente como intermediario entre el usuario y el prestador tur\u00edstico, la confirmaci\u00f3n que ILovePM env\u00eda por email se hace en representaci\u00f3n del establecimiento reservado. Cada uno de los prestadores de servicios tur\u00edsticos tiene acceso a una extranet mediante la cual se hacen responsables de actualizar las tarifas y disponibilidad. En ILovePM no podemos garantizar que esta informaci\u00f3n sea exacta, completa o correcta. Los prestadores de servicios tur\u00edsticos son responsables en todo momento de la exactitud de su informaci\u00f3n, tarifas e im\u00e1genes que se muestran.<\/p>\n\n\n\n<h2 class=\"wp-block-heading\">2. Tarifas y Pagos<\/h2>\n\n\n\n<p>El servicio de ILovePM es gratuito; no cobramos ni a\u00f1adimos suplementos al precio de los servicios; los datos de tu tarjeta son requeridos y se necesitan s\u00f3lo para garantizar las reservaciones, y en algunos casos especiales como compra de art\u00edculos en l\u00ednea se podr\u00e1 realizar el cobro por adelantado mediante transferencia bancaria o tarjeta de cr\u00e9dito.<\/p>\n\n\n\n<h2 class=\"wp-block-heading\">3. Cancelaciones<\/h2>\n\n\n\n<p>Cada prestador de servicios tur\u00edsticos aplica sus propias pol\u00edticas de cancelaci\u00f3n. El hecho de realizar una reservaci\u00f3n, implica que conoces y aceptas las pol\u00edticas de cancelaci\u00f3n y cargos por no show (en caso de que no te presentes). Algunas tarifas y ofertas especiales no permiten cambios ni cancelaciones (indicadas como \u00abno reembolsables\u00bb).<\/p>\n\n\n\n<h2 class=\"wp-block-heading\">4. Deslinde de Responsabilidad<\/h2>\n\n\n\n<p>ILovePM y\/o Compa\u00f1\u00eda Productora de Acciones S. A. de C. V. asumir\u00e1n su responsabilidad solamente por los da\u00f1os directos que sufras o contraigas a causa de fallas o errores atribuibles a nuestras obligaciones en cuanto a nuestros servicios, equivalente a una cantidad total m\u00e1xima del costo de tu reservaci\u00f3n. Adicionalmente y en la medida en que est\u00e9 permitido por las leyes Mexicanas, no asumiremos ninguna responsabilidad por reclamaci\u00f3n, costo o gasto producido por p\u00e9rdidas o da\u00f1os sufridos por heridas personales o de terceras personas, accidentes o decesos, enfermedades, robo, huelgas, retrasos en transporte, condiciones clim\u00e1ticas, da\u00f1o a propiedad o cualquier otro acto que escape a nuestro control. Estos T\u00e9rminos y Condiciones y la prestaci\u00f3n de los servicios de ILovePM, se regir\u00e1n e interpretar\u00e1n por las leyes vigentes en la Ciudad de M\u00e9xico, D. F., renunciando a cualquier otra jurisdicci\u00f3n que pudiera corresponder.<\/p>\n\n\n\n<p><\/p>\n\n\n\n<p><\/p>","protected":false},"excerpt":{"rendered":"<p>T\u00e9rminos y Condiciones Generales ILovePM es un sitio en internet operado por la empresa mexicana COMPA\u00d1\u00cdA PRODUCTORA DE ACCIONES, S.A. DE C.V con domicilio en calle Montes Urales MZA. 05 Lote 02 No. 278 Casa 03, Fraccionamiento Bosque Real, CP 77710. Playa del Carmen, Solidaridad, Quintana Roo, M\u00e9xico. Al utilizar los servicios de ILovePM y [&hellip;]<\/p>\n","protected":false},"author":5,"featured_media":0,"parent":0,"menu_order":0,"comment_status":"closed","ping_status":"closed","template":"","meta":{"site-sidebar-layout":"default","site-content-layout":"","ast-site-content-layout":"default","site-content-style":"default","site-sidebar-style":"default","ast-global-header-display":"","ast-banner-title-visibility":"","ast-main-header-display":"","ast-hfb-above-header-display":"","ast-hfb-below-header-display":"","ast-hfb-mobile-header-display":"","site-post-title":"disabled","ast-breadcrumbs-content":"","ast-featured-img":"","footer-sml-layout":"","ast-disable-related-posts":"","theme-transparent-header-meta":"","adv-header-id-meta":"","stick-header-meta":"","header-above-stick-meta":"","header-main-stick-meta":"","header-below-stick-meta":"","astra-migrate-meta-layouts":"default","ast-page-background-enabled":"default","ast-page-background-meta":{"desktop":{"background-color":"var(--ast-global-color-4)","background-image":"","background-repeat":"repeat","background-position":"center center","background-size":"auto","background-attachment":"scroll","background-type":"","background-media":"","overlay-type":"","overlay-color":"","overlay-opacity":"","overlay-gradient":""},"tablet":{"background-color":"","background-image":"","background-repeat":"repeat","background-position":"center center","background-size":"auto","background-attachment":"scroll","background-type":"","background-media":"","overlay-type":"","overlay-color":"","overlay-opacity":"","overlay-gradient":""},"mobile":{"background-color":"","background-image":"","background-repeat":"repeat","background-position":"center center","background-size":"auto","background-attachment":"scroll","background-type":"","background-media":"","overlay-type":"","overlay-color":"","overlay-opacity":"","overlay-gradient":""}},"ast-content-background-meta":{"desktop":{"background-color":"var(--ast-global-color-5)","background-image":"","background-repeat":"repeat","background-position":"center center","background-size":"auto","background-attachment":"scroll","background-type":"","background-media":"","overlay-type":"","overlay-color":"","overlay-opacity":"","overlay-gradient":""},"tablet":{"background-color":"var(--ast-global-color-5)","background-image":"","background-repeat":"repeat","background-position":"center center","background-size":"auto","background-attachment":"scroll","background-type":"","background-media":"","overlay-type":"","overlay-color":"","overlay-opacity":"","overlay-gradient":""},"mobile":{"background-color":"var(--ast-global-color-5)","background-image":"","background-repeat":"repeat","background-position":"center center","background-size":"auto","background-attachment":"scroll","background-type":"","background-media":"","overlay-type":"","overlay-color":"","overlay-opacity":"","overlay-gradient":""}},"footnotes":""},"class_list":["post-9736","page","type-page","status-publish","hentry"],"_links":{"self":[{"href":"https:\/\/ilovepm.com\/en\/wp-json\/wp\/v2\/pages\/9736","targetHints":{"allow":["GET"]}}],"collection":[{"href":"https:\/\/ilovepm.com\/en\/wp-json\/wp\/v2\/pages"}],"about":[{"href":"https:\/\/ilovepm.com\/en\/wp-json\/wp\/v2\/types\/page"}],"author":[{"embeddable":true,"href":"https:\/\/ilovepm.com\/en\/wp-json\/wp\/v2\/users\/5"}],"replies":[{"embeddable":true,"href":"https:\/\/ilovepm.com\/en\/wp-json\/wp\/v2\/comments?post=9736"}],"version-history":[{"count":2,"href":"https:\/\/ilovepm.com\/en\/wp-json\/wp\/v2\/pages\/9736\/revisions"}],"predecessor-version":[{"id":14169,"href":"https:\/\/ilovepm.com\/en\/wp-json\/wp\/v2\/pages\/9736\/revisions\/14169"}],"wp:attachment":[{"href":"https:\/\/ilovepm.com\/en\/wp-json\/wp\/v2\/media?parent=9736"}],"curies":[{"name":"wp","href":"https:\/\/api.w.org\/{rel}","templated":true}]}}