{"id":10703,"date":"2023-12-21T19:33:18","date_gmt":"2023-12-21T19:33:18","guid":{"rendered":"https:\/\/ilovepm.com\/?page_id=10703"},"modified":"2024-01-03T19:03:15","modified_gmt":"2024-01-03T19:03:15","slug":"pm-lovers","status":"publish","type":"page","link":"https:\/\/ilovepm.com\/en\/pm-lovers\/","title":{"rendered":"PM Lovers"},"content":{"rendered":"<h1 class=\"wp-block-heading has-text-align-center\">Quienes son los PM Lovers?<\/h1>\n\n\n\n<p class=\"has-text-color has-link-color has-small-font-size wp-elements-a0bbff798fcb733c9d91b6214dd9ca73\" style=\"color:#646464\"><em><em>Un #PMLover es un verdadero amante de Puerto Morelos, es aquel que est\u00e1 enamorado de este pueblo y lo demuestra llen\u00e1ndolo de ese encanto que lo caracteriza y lo hace \u00fanico.<br>Estos enamorados se reconocen entre s\u00ed, lo sienten y al encontrarse con otro #PMLover saben que ambos son iguales sin importar si son nativos de aqu\u00ed, si vienen del otro lado del mundo o si lo descubrieron hace poco tiempo, ellos saben que su aporte por \u201cPuerto\u201d es leal y genuino.<\/em><\/em><\/p>\n\n\n\n<hr class=\"wp-block-separator has-text-color has-alpha-channel-opacity has-background is-style-wide\" style=\"background-color:#eeeeee;color:#eeeeee\"\/>\n\n\n\n<h2 class=\"wp-block-heading has-text-align-center has-text-color has-link-color has-large-font-size wp-elements-12bcae14a0fded1079ea7fbe3ed3c13b\" style=\"color:#646464\">Fot\u00f3grafos<\/h2>\n\n\n\n<h3 class=\"wp-block-heading has-text-color has-link-color has-medium-font-size wp-elements-28c32983190554a7136b5b772fc308f3\" style=\"color:#646464\">Igor Nieto Joly<\/h3>\n\n\n\n<p class=\"has-text-color has-link-color wp-elements-99af0a4435a2bfc9bec7aeb787bb96bc\" style=\"color:#646464\">Nacido en San Luis Potos\u00ed, mexicano, franc\u00e9s, ciudadano del mundo. &nbsp;Retrata a las personas extraordinarias y ordinarias y los lugares que se encuentra en el camino.<\/p>\n\n\n\n<p class=\"has-text-color has-link-color wp-elements-6dd8d8e9f235aed76cfedefd7b663750\" style=\"color:#646464\">Blog:&nbsp;<a href=\"http:\/\/www.igornieto.wordpress.com\/\" target=\"_blank\" rel=\"noopener\">www.igornieto.wordpress.com<\/a><\/p>\n\n\n\n<p class=\"has-text-color has-link-color wp-elements-fcf9ac240555836854d189dc317a2885\" style=\"color:#646464\">Correo electr\u00f3nico:&nbsp;<a href=\"mailto:mexigoro@gmail.com\">mexigoro@gmail.com<\/a><\/p>\n\n\n\n<h3 class=\"wp-block-heading has-text-color has-link-color has-medium-font-size wp-elements-5eee2fec01102c9fb96812a3787eb164\" style=\"color:#646464\">Javier Resendiz<\/h3>\n\n\n\n<p class=\"has-text-color has-link-color wp-elements-182886acf0682a76f1f049dbe7d5131a\" style=\"color:#646464\">Mexicano con sangre de Veracruz, coraz\u00f3n de la Ciudad de M\u00e9xico y alma de Playa del Carmen. Agradecido con la vida que le ha dejado entregarse a sus pasiones, disfruta documentar lugares, historias, eventos y personas.<\/p>\n\n\n\n<p class=\"has-text-color has-link-color wp-elements-ee3526eeae7f795a638be3ae7d8b05c4\" style=\"color:#646464\">Web:&nbsp;<a href=\"http:\/\/www.javierresendiz.com\/\" target=\"_blank\" rel=\"noopener\">www.javierresendiz.com<\/a><\/p>\n\n\n\n<p class=\"has-text-color has-link-color wp-elements-298e6ff577879811cc11cdcc04a42442\" style=\"color:#646464\">Correo electr\u00f3nico:&nbsp;<a href=\"mailto:javier.resendiz@gmail.com\">javier.resendiz@gmail.com<\/a><\/p>\n\n\n\n<h3 class=\"wp-block-heading has-text-color has-link-color wp-elements-93fe96cf6b2ec2d4bb4b03b884d228c0\" style=\"color:#646464\">Juan Euan<\/h3>\n\n\n\n<p class=\"has-text-color has-link-color wp-elements-6aae74deae98583da4d14ce68e2da103\" style=\"color:#646464\">Innovador y contempor\u00e1neo, apasionado por documentar el estilo de vida mexicano. Pintor, fot\u00f3grafo, yucateco de nacimiento y ciudadano caribe\u00f1o desde muy temprana edad.<\/p>\n\n\n\n<p class=\"has-text-color has-link-color wp-elements-0751233f6aaa711db5b162879c008560\" style=\"color:#646464\">Web:&nbsp;<a href=\"http:\/\/www.juaneuan.com\/\" target=\"_blank\" rel=\"noopener\">www.juaneuan.com<\/a><\/p>\n\n\n\n<p class=\"has-text-color has-link-color wp-elements-d7b57847dcd5d01dabe7fadbbdb3495f\" style=\"color:#646464\">Correo electr\u00f3nico:&nbsp;<a href=\"mailto:photoart@juaneuan.com\">photoart@juaneuan.com<\/a><\/p>\n\n\n\n<h3 class=\"wp-block-heading has-text-color has-link-color has-medium-font-size wp-elements-f103e86eff09a47401258e2901e82323\" style=\"color:#646464\">Lizett D\u00edaz<\/h3>\n\n\n\n<p class=\"has-text-color has-link-color wp-elements-ba4efdfac15b71c844175db3cc95a605\" style=\"color:#646464\">Fot\u00f3grafa de la calle, inspirada en la vida misma, esta tapat\u00eda viajera, documenta a su paso por el mundo la naturaleza, el paisaje y la forma de vida, de los lugares que se aparecen en su camino.<\/p>\n\n\n\n<p class=\"has-text-color has-link-color wp-elements-893f5d33a8a85794c5cc5eab498576a9\" style=\"color:#646464\">Web:&nbsp;<a href=\"http:\/\/www.lizettdiaz.tumblr.com\/\" target=\"_blank\" rel=\"noopener\">www.lizettdiaz.tumblr.com<\/a><\/p>\n\n\n\n<p class=\"has-text-color has-link-color wp-elements-60ff5bff2e8607257b7bc196728b360e\" style=\"color:#646464\">Correo electr\u00f3nico:&nbsp;<a href=\"mailto:lizettmd@hotmail.com\">lizettmd@hotmail.com<\/a><\/p>","protected":false},"excerpt":{"rendered":"<p>Quienes son los PM Lovers? Un #PMLover es un verdadero amante de Puerto Morelos, es aquel que est\u00e1 enamorado de este pueblo y lo demuestra llen\u00e1ndolo de ese encanto que lo caracteriza y lo hace \u00fanico.Estos enamorados se reconocen entre s\u00ed, lo sienten y al encontrarse con otro #PMLover saben que ambos son iguales sin [&hellip;]<\/p>\n","protected":false},"author":5,"featured_media":0,"parent":0,"menu_order":0,"comment_status":"closed","ping_status":"closed","template":"","meta":{"site-sidebar-layout":"default","site-content-layout":"","ast-site-content-layout":"default","site-content-style":"default","site-sidebar-style":"default","ast-global-header-display":"","ast-banner-title-visibility":"","ast-main-header-display":"","ast-hfb-above-header-display":"","ast-hfb-below-header-display":"","ast-hfb-mobile-header-display":"","site-post-title":"disabled","ast-breadcrumbs-content":"","ast-featured-img":"","footer-sml-layout":"","ast-disable-related-posts":"","theme-transparent-header-meta":"","adv-header-id-meta":"","stick-header-meta":"","header-above-stick-meta":"","header-main-stick-meta":"","header-below-stick-meta":"","astra-migrate-meta-layouts":"default","ast-page-background-enabled":"default","ast-page-background-meta":{"desktop":{"background-color":"var(--ast-global-color-4)","background-image":"","background-repeat":"repeat","background-position":"center center","background-size":"auto","background-attachment":"scroll","background-type":"","background-media":"","overlay-type":"","overlay-color":"","overlay-opacity":"","overlay-gradient":""},"tablet":{"background-color":"","background-image":"","background-repeat":"repeat","background-position":"center center","background-size":"auto","background-attachment":"scroll","background-type":"","background-media":"","overlay-type":"","overlay-color":"","overlay-opacity":"","overlay-gradient":""},"mobile":{"background-color":"","background-image":"","background-repeat":"repeat","background-position":"center center","background-size":"auto","background-attachment":"scroll","background-type":"","background-media":"","overlay-type":"","overlay-color":"","overlay-opacity":"","overlay-gradient":""}},"ast-content-background-meta":{"desktop":{"background-color":"var(--ast-global-color-5)","background-image":"","background-repeat":"repeat","background-position":"center center","background-size":"auto","background-attachment":"scroll","background-type":"","background-media":"","overlay-type":"","overlay-color":"","overlay-opacity":"","overlay-gradient":""},"tablet":{"background-color":"var(--ast-global-color-5)","background-image":"","background-repeat":"repeat","background-position":"center center","background-size":"auto","background-attachment":"scroll","background-type":"","background-media":"","overlay-type":"","overlay-color":"","overlay-opacity":"","overlay-gradient":""},"mobile":{"background-color":"var(--ast-global-color-5)","background-image":"","background-repeat":"repeat","background-position":"center center","background-size":"auto","background-attachment":"scroll","background-type":"","background-media":"","overlay-type":"","overlay-color":"","overlay-opacity":"","overlay-gradient":""}},"footnotes":""},"class_list":["post-10703","page","type-page","status-publish","hentry"],"_links":{"self":[{"href":"https:\/\/ilovepm.com\/en\/wp-json\/wp\/v2\/pages\/10703","targetHints":{"allow":["GET"]}}],"collection":[{"href":"https:\/\/ilovepm.com\/en\/wp-json\/wp\/v2\/pages"}],"about":[{"href":"https:\/\/ilovepm.com\/en\/wp-json\/wp\/v2\/types\/page"}],"author":[{"embeddable":true,"href":"https:\/\/ilovepm.com\/en\/wp-json\/wp\/v2\/users\/5"}],"replies":[{"embeddable":true,"href":"https:\/\/ilovepm.com\/en\/wp-json\/wp\/v2\/comments?post=10703"}],"version-history":[{"count":2,"href":"https:\/\/ilovepm.com\/en\/wp-json\/wp\/v2\/pages\/10703\/revisions"}],"predecessor-version":[{"id":10711,"href":"https:\/\/ilovepm.com\/en\/wp-json\/wp\/v2\/pages\/10703\/revisions\/10711"}],"wp:attachment":[{"href":"https:\/\/ilovepm.com\/en\/wp-json\/wp\/v2\/media?parent=10703"}],"curies":[{"name":"wp","href":"https:\/\/api.w.org\/{rel}","templated":true}]}}